{"id":228,"date":"2023-12-13T15:31:34","date_gmt":"2023-12-13T14:31:34","guid":{"rendered":"https:\/\/magnum-drinks.com\/index.php\/versandarten\/"},"modified":"2024-01-07T16:35:05","modified_gmt":"2024-01-07T15:35:05","slug":"versandarten","status":"publish","type":"page","link":"https:\/\/magnum-drinks.com\/index.php\/versandarten\/","title":{"rendered":"Versandkosten"},"content":{"rendered":"<h3 class=\"wp-block-heading\">Versandkosten innerhalb Deutschlands mit Hermes<\/h3><p>Unsere Versandkosten sind transparent und nachvollziehbar, darauf legen wir gr\u00f6\u00dften Wert. Innerhalb Deutschlands bieten wir ab 19\u20ac kostenlosen Versand an, darunter einen Versand f\u00fcr pauschal 5,90\u20ac pro Paket.<\/p><h3 class=\"wp-block-heading\">Versandkosten ins deutsche Ausland<\/h3><p>F\u00fcr internationalen Versand schreiben Sie und bitte pers\u00f6nlich an, damit wir Ihnen ein ma\u00dfgeschneidertes Angebot anbieten k\u00f6nnen.<\/p><h3 class=\"wp-block-heading\">Speditionsvesand<\/h3><p>Vor allem bei gr\u00f6\u00dferen Mengen lohnt sich der Paketversand oft nicht. Schreiben Sie uns gerne eine Nachricht und wir vereinbaren einen gesonderte Lieferung f\u00fcr Ihre Bestellung.<\/p><div data-block-name=\"woocommerce-germanized\/product-shipping-costs-info\" class=\"is-loading\"><\/div>","protected":false},"excerpt":{"rendered":"<p>Versandkosten innerhalb Deutschlands mit Hermes Unsere Versandkosten sind transparent und nachvollziehbar, darauf legen wir gr\u00f6\u00dften Wert. Innerhalb Deutschlands bieten wir ab 19\u20ac kostenlosen Versand an, darunter einen Versand f\u00fcr pauschal 5,90\u20ac pro Paket. Versandkosten ins deutsche Ausland F\u00fcr internationalen Versand schreiben Sie und bitte pers\u00f6nlich an, damit wir Ihnen ein ma\u00dfgeschneidertes Angebot anbieten k\u00f6nnen. Speditionsvesand [&hellip;]<\/p>\n","protected":false},"author":1,"featured_media":0,"parent":0,"menu_order":0,"comment_status":"closed","ping_status":"closed","template":"","meta":{"footnotes":""},"class_list":["post-228","page","type-page","status-publish","hentry"],"blocksy_meta":[],"_links":{"self":[{"href":"https:\/\/magnum-drinks.com\/index.php\/wp-json\/wp\/v2\/pages\/228","targetHints":{"allow":["GET"]}}],"collection":[{"href":"https:\/\/magnum-drinks.com\/index.php\/wp-json\/wp\/v2\/pages"}],"about":[{"href":"https:\/\/magnum-drinks.com\/index.php\/wp-json\/wp\/v2\/types\/page"}],"author":[{"embeddable":true,"href":"https:\/\/magnum-drinks.com\/index.php\/wp-json\/wp\/v2\/users\/1"}],"replies":[{"embeddable":true,"href":"https:\/\/magnum-drinks.com\/index.php\/wp-json\/wp\/v2\/comments?post=228"}],"version-history":[{"count":8,"href":"https:\/\/magnum-drinks.com\/index.php\/wp-json\/wp\/v2\/pages\/228\/revisions"}],"predecessor-version":[{"id":485,"href":"https:\/\/magnum-drinks.com\/index.php\/wp-json\/wp\/v2\/pages\/228\/revisions\/485"}],"wp:attachment":[{"href":"https:\/\/magnum-drinks.com\/index.php\/wp-json\/wp\/v2\/media?parent=228"}],"curies":[{"name":"wp","href":"https:\/\/api.w.org\/{rel}","templated":true}]}}