{"id":281,"date":"2023-12-14T15:03:39","date_gmt":"2023-12-14T14:03:39","guid":{"rendered":"https:\/\/magnum-drinks.com\/?page_id=281"},"modified":"2023-12-14T20:13:51","modified_gmt":"2023-12-14T19:13:51","slug":"cookie-policy","status":"publish","type":"page","link":"https:\/\/magnum-drinks.com\/index.php\/cookie-policy\/","title":{"rendered":"Cookies"},"content":{"rendered":"<p>Wir verwenden Cookies und \u00e4hnliche Tools (zusammenfassend \u201eCookies\u201c) f\u00fcr die hier unten beschriebenen Zwecke.<\/p><p><strong>Betriebstechnische Cookies<\/strong>: Wir verwenden Cookies f\u00fcr die Bereitstellung unserer Dienste, zum Beispiel, um:<\/p><ul class=\"wp-block-list\" id=\"GUID-E7B83401-747C-4F78-B221-6B1E1B4AB764__UL_CE17C76686A5475FBD7AF0E791545D5C\"><li>zu erkennen, wenn du dich zur Nutzung unserer Dienste anmeldest;<\/li>\n\n<li>zu erkennen, ob du ein Prime-Mitglied bist, und um weitere kundenspezifische Funktionen und Dienste anzubieten;<\/li>\n\n<li>Funktionen, Produkte und Dienste anzubieten, die f\u00fcr dich von Interesse sein k\u00f6nnten, insbesondere Anzeigen f\u00fcr unsere Dienste, sofern es sich um auf Amazon verf\u00fcgbare Produkte und Dienste handelt;<\/li>\n\n<li>die Artikel zu speichern, die du in deinen Warenkorb gelegt hast;<\/li>\n\n<li>betr\u00fcgerische Aktivit\u00e4ten zu verhindern;<\/li>\n\n<li>die Sicherheit zu verbessern;<\/li>\n\n<li>deine Pr\u00e4ferenzen, z.&nbsp;B. f\u00fcr W\u00e4hrung und Sprache, zu ber\u00fccksichtigen.<\/li><\/ul><p>Wir verwenden Cookies auch, um zu verstehen, wie Kunden unsere Dienste nutzen, damit wir Verbesserungen vornehmen k\u00f6nnen. Wir verwenden Cookies zum Beispiel zur Durchf\u00fchrung von Recherchen und Diagnosen, um die Inhalte, Produkte und Dienste von Amazon zu verbessern und um die Leistung unserer Dienste zu messen und zu analysieren.<\/p><p><strong>Werbe-Cookies<\/strong>: Wir verwenden Cookies auch, um bestimmte Arten von Anzeigen zu schalten, insbesondere auch f\u00fcr nicht bei Amazon erh\u00e4ltliche Produkte und Dienste und f\u00fcr bestimmte Anzeigen, die aufgrund deiner Interessen relevant f\u00fcr dich sind.<\/p><p>Auch zugelassene Drittanbieter k\u00f6nnen Cookies setzen, wenn du mit Amazon Services interagierst. Zu diesen Drittanbietern geh\u00f6ren Suchmaschinen, Anbieter von Mess- und Analysediensten, Social-Media-Netzwerke und Werbefirmen. Drittanbieter verwenden Cookies bei der Bereitstellung von Werbeinhalten, insbesondere Anzeigen, die aufgrund deiner Interessen relevant f\u00fcr dich sind, um die Effektivit\u00e4t ihrer Anzeigen zu messen und um Dienstleistungen im Auftrag von Amazon zu erbringen.<\/p><p><\/p><p><strong>Weitere Informationen<\/strong><\/p><p>Betriebstechnische Cookies verbleiben nach deinem letzten Besuch bei unseren Diensten 13 Monate in deinem Browser, ausgenommen davon sind Cookies, die deine Einstellungen zu pers\u00f6nlichen Informationen festhalten (wie zum Beispiel Einstellungen f\u00fcr Werbung), die bis zu 5 Jahre in deinem Browser verbleiben k\u00f6nnen. Andere Cookies verbleiben in deinem Browser f\u00fcr 13 Monate, nachdem du uns deine Zustimmung zur Verwendung dieser Cookies erteilt hast.<\/p><p>Du kannst Cookies auf unserer Seite mit den\u00a0<a href=\"http:\/\/l\" target=\"_blank\" rel=\"noreferrer noopener\">Cookie-Einstellungen<\/a>\u00a0verwalten. Wir werden deine Cookie-Einstellungen auf dem Browser, mit dem du deine Auswahl getroffen hast sowie jeden weiteren Browser anwenden, bei dem du angemeldet bist. Wenn du nicht angemeldet bist, m\u00fcssen wir deine Auswahl unter Umst\u00e4nden erneut abfragen.<\/p><p>Alternativ dazu kannst du in den Einstellungen deines Browsers erfahren, wie du verhinderst, dass dein Browser neue Cookies akzeptiert, wie du einstellst, dass dein Browser dich benachrichtigt, wenn du ein neues Cookie empf\u00e4ngst, wie du Cookies deaktivierst und entfernst und wann Cookies ablaufen.<\/p><p>Dank der betriebstechnischen Cookies kannst du einige der wesentlichen Funktionen unseres Shops nutzen. Wenn du betriebstechnische Cookies \u00fcber deine Browsereinstellungen blockierst oder auf andere Weise ablehnst, werden einige Funktionen und Dienste m\u00f6glicherweise nicht mehr funktionieren. Du kannst beispielsweise keine Artikel mehr in deinen Warenkorb legen, nicht mehr zur Kasse gehen und keine weiteren Dienste mehr nutzen, die eine Anmeldung erfordern. M\u00f6glicherweise musst du auch einige deiner Einstellungen jedes Mal manuell anpassen, wenn du einen unserer Dienste besuchst.<\/p><p>Weitere Informationen zu der Art der von uns gesammelten Informationen findest du in unserer\u00a0<a href=\"https:\/\/magnum-drinks.com\/index.php\/datenschutzerkl%C3%A4rung\" target=\"_blank\" rel=\"noreferrer noopener\">Datenschutzerkl\u00e4rung<\/a>.<\/p>","protected":false},"excerpt":{"rendered":"<p>Wir verwenden Cookies und \u00e4hnliche Tools (zusammenfassend \u201eCookies\u201c) f\u00fcr die hier unten beschriebenen Zwecke. Betriebstechnische Cookies: Wir verwenden Cookies f\u00fcr die Bereitstellung unserer Dienste, zum Beispiel, um: Wir verwenden Cookies auch, um zu verstehen, wie Kunden unsere Dienste nutzen, damit wir Verbesserungen vornehmen k\u00f6nnen. Wir verwenden Cookies zum Beispiel zur Durchf\u00fchrung von Recherchen und Diagnosen, [&hellip;]<\/p>\n","protected":false},"author":1,"featured_media":0,"parent":0,"menu_order":0,"comment_status":"closed","ping_status":"closed","template":"","meta":{"footnotes":""},"class_list":["post-281","page","type-page","status-publish","hentry"],"blocksy_meta":[],"_links":{"self":[{"href":"https:\/\/magnum-drinks.com\/index.php\/wp-json\/wp\/v2\/pages\/281","targetHints":{"allow":["GET"]}}],"collection":[{"href":"https:\/\/magnum-drinks.com\/index.php\/wp-json\/wp\/v2\/pages"}],"about":[{"href":"https:\/\/magnum-drinks.com\/index.php\/wp-json\/wp\/v2\/types\/page"}],"author":[{"embeddable":true,"href":"https:\/\/magnum-drinks.com\/index.php\/wp-json\/wp\/v2\/users\/1"}],"replies":[{"embeddable":true,"href":"https:\/\/magnum-drinks.com\/index.php\/wp-json\/wp\/v2\/comments?post=281"}],"version-history":[{"count":5,"href":"https:\/\/magnum-drinks.com\/index.php\/wp-json\/wp\/v2\/pages\/281\/revisions"}],"predecessor-version":[{"id":324,"href":"https:\/\/magnum-drinks.com\/index.php\/wp-json\/wp\/v2\/pages\/281\/revisions\/324"}],"wp:attachment":[{"href":"https:\/\/magnum-drinks.com\/index.php\/wp-json\/wp\/v2\/media?parent=281"}],"curies":[{"name":"wp","href":"https:\/\/api.w.org\/{rel}","templated":true}]}}